{"id":6232,"date":"2019-05-07T10:46:10","date_gmt":"2019-05-07T14:46:10","guid":{"rendered":"https:\/\/paragraphinc.ca\/experience-paragraph\/"},"modified":"2025-08-12T09:17:43","modified_gmt":"2025-08-12T13:17:43","slug":"paragraph-experience","status":"publish","type":"page","link":"https:\/\/paragraphinc.ca\/en\/paragraph-experience\/","title":{"rendered":"The Paragraph Experience"},"content":{"rendered":"<div class=\"wpb-content-wrapper\"><p>[vc_row content_width=&#8221;grid&#8221; css=&#8221;. vc_custom_1599668449221 {padding-top: 115px! important; background-color: #ffffff! important;}&#8221;][vc_column css=&#8221;.vc_custom_1603284920567{padding-top: 60px !important;padding-right: 15% !important;padding-left: 15% !important;}&#8221;][vc_column_text]<\/p>\n<h1 style=\"text-align: center;\">A unique approach for unique clients<\/h1>\n<p>[\/vc_column_text]<div class=\"eltd-separator-holder clearfix  eltd-separator-center eltd-dotted-multiple eltd-sep-white\" style=\"margin-top: 30px;margin-bottom: 0px\">\n\t<div class=\"eltd-separator\" style=\"width: 250px;height: 11px\"><\/div>\n<\/div>\n[vc_empty_space][vc_column_text]<\/p>\n<p style=\"text-align: center;\"><span style=\"font-weight: 400;\">At Paragraph, we have unparalleled multidisciplinary expertise that allows us to adapt our products and services so they best fit your industry. Discover how our integrated approach and flexibility make the difference, whatever your field of activity.<\/span><\/p>\n<p>[\/vc_column_text][\/vc_column][\/vc_row][vc_row content_width=&#8221;grid&#8221; css=&#8221;.vc_custom_1599673443064{padding-bottom: 60px !important;}&#8221;][vc_column offset=&#8221;vc_col-lg-6 vc_col-md-12&#8243; el_class=&#8221;column-left&#8221;][vc_empty_space height=&#8221;50px&#8221;]<div class=\"eltd-accordion-holder clearfix eltd-toggle eltd-initial \">\n\t<h4 class=\"clearfix eltd-title-holder\">\n\t<span class=\"eltd-tab-title\">\n\t\t<span class=\"eltd-tab-title-inner\">\n\t\t\tCosmetics\t\t<\/span>\n\t<\/span>\n\t<span class=\"eltd-accordion-mark\">\n\t\t<span class=\"eltd-accordion-mark-icon\">\n\t\t\t<span class=\"icon-arrows-plus\"><\/span>\n\t\t\t<span class=\"icon-arrows-minus\"><\/span>\n\t\t<\/span>\n\t<\/span>\n<\/h4>\n<div class=\"eltd-accordion-content\">\n\t<div class=\"eltd-accordion-content-inner\">\n\t\t[vc_single_image image=&#8221;5086&#8243; onclick=&#8221;link_image&#8221;]<a href=\"https:\/\/paragraphinc.ca\/para_feuillet_cosmetic_f_lr\/\" target=\"_blank\"  class=\"eltd-btn eltd-btn-medium eltd-btn-arrow eltd-btn-hide-text eltd-btn-arrow-center\"  >\n    <span class=\"eltd-btn-text\">T\u00e9l\u00e9charger<\/span>\n    \n\t<span class=\"eltd-btn-icon-arrow\">\n\t\t<span  class=\"eltd-line-1\"><\/span>\n\t\t<span  class=\"eltd-line-2\"><\/span>\n\t\t<span  class=\"eltd-line-3\"><\/span>\n\t<\/span>\n\t<\/a>\t<\/div>\n<\/div>\n<h4 class=\"clearfix eltd-title-holder\">\n\t<span class=\"eltd-tab-title\">\n\t\t<span class=\"eltd-tab-title-inner\">\n\t\t\tPharmaceuticals\t\t<\/span>\n\t<\/span>\n\t<span class=\"eltd-accordion-mark\">\n\t\t<span class=\"eltd-accordion-mark-icon\">\n\t\t\t<span class=\"icon-arrows-plus\"><\/span>\n\t\t\t<span class=\"icon-arrows-minus\"><\/span>\n\t\t<\/span>\n\t<\/span>\n<\/h4>\n<div class=\"eltd-accordion-content\">\n\t<div class=\"eltd-accordion-content-inner\">\n\t\t[vc_single_image image=&#8221;5088&#8243; onclick=&#8221;link_image&#8221;]<a href=\"https:\/\/paragraphinc.ca\/para_feuillet_pharma_f_lr\/\" target=\"_blank\"  class=\"eltd-btn eltd-btn-medium eltd-btn-arrow eltd-btn-hide-text eltd-btn-arrow-center\"  >\n    <span class=\"eltd-btn-text\">T\u00e9l\u00e9charger<\/span>\n    \n\t<span class=\"eltd-btn-icon-arrow\">\n\t\t<span  class=\"eltd-line-1\"><\/span>\n\t\t<span  class=\"eltd-line-2\"><\/span>\n\t\t<span  class=\"eltd-line-3\"><\/span>\n\t<\/span>\n\t<\/a>\t<\/div>\n<\/div>\n<h4 class=\"clearfix eltd-title-holder\">\n\t<span class=\"eltd-tab-title\">\n\t\t<span class=\"eltd-tab-title-inner\">\n\t\t\tFinancial services\t\t<\/span>\n\t<\/span>\n\t<span class=\"eltd-accordion-mark\">\n\t\t<span class=\"eltd-accordion-mark-icon\">\n\t\t\t<span class=\"icon-arrows-plus\"><\/span>\n\t\t\t<span class=\"icon-arrows-minus\"><\/span>\n\t\t<\/span>\n\t<\/span>\n<\/h4>\n<div class=\"eltd-accordion-content\">\n\t<div class=\"eltd-accordion-content-inner\">\n\t\t[vc_single_image image=&#8221;5090&#8243; onclick=&#8221;link_image&#8221;]<a href=\"https:\/\/paragraphinc.ca\/para_feuillet_finance_f_lr\/\" target=\"_blank\"  class=\"eltd-btn eltd-btn-medium eltd-btn-arrow eltd-btn-hide-text eltd-btn-arrow-center\"  >\n    <span class=\"eltd-btn-text\">T\u00e9l\u00e9charger<\/span>\n    \n\t<span class=\"eltd-btn-icon-arrow\">\n\t\t<span  class=\"eltd-line-1\"><\/span>\n\t\t<span  class=\"eltd-line-2\"><\/span>\n\t\t<span  class=\"eltd-line-3\"><\/span>\n\t<\/span>\n\t<\/a>\t<\/div>\n<\/div>\n<\/div>[vc_empty_space height=&#8221;40px&#8221;][\/vc_column][vc_column offset=&#8221;vc_col-lg-6 vc_col-md-12&#8243; el_class=&#8221;column-right&#8221;][vc_empty_space height=&#8221;50px&#8221;]<div class=\"eltd-accordion-holder clearfix eltd-toggle eltd-initial \">\n\t<h4 class=\"clearfix eltd-title-holder\">\n\t<span class=\"eltd-tab-title\">\n\t\t<span class=\"eltd-tab-title-inner\">\n\t\t\tManufacturing, Distribution\t\t<\/span>\n\t<\/span>\n\t<span class=\"eltd-accordion-mark\">\n\t\t<span class=\"eltd-accordion-mark-icon\">\n\t\t\t<span class=\"icon-arrows-plus\"><\/span>\n\t\t\t<span class=\"icon-arrows-minus\"><\/span>\n\t\t<\/span>\n\t<\/span>\n<\/h4>\n<div class=\"eltd-accordion-content\">\n\t<div class=\"eltd-accordion-content-inner\">\n\t\t[vc_single_image image=&#8221;5092&#8243; onclick=&#8221;link_image&#8221;]<a href=\"https:\/\/paragraphinc.ca\/para_feuillet_fabdistri_f_lr\/\" target=\"_blank\"  class=\"eltd-btn eltd-btn-medium eltd-btn-arrow eltd-btn-hide-text eltd-btn-arrow-center\"  >\n    <span class=\"eltd-btn-text\">T\u00e9l\u00e9charger<\/span>\n    \n\t<span class=\"eltd-btn-icon-arrow\">\n\t\t<span  class=\"eltd-line-1\"><\/span>\n\t\t<span  class=\"eltd-line-2\"><\/span>\n\t\t<span  class=\"eltd-line-3\"><\/span>\n\t<\/span>\n\t<\/a>\t<\/div>\n<\/div>\n<h4 class=\"clearfix eltd-title-holder\">\n\t<span class=\"eltd-tab-title\">\n\t\t<span class=\"eltd-tab-title-inner\">\n\t\t\tRetail\t\t<\/span>\n\t<\/span>\n\t<span class=\"eltd-accordion-mark\">\n\t\t<span class=\"eltd-accordion-mark-icon\">\n\t\t\t<span class=\"icon-arrows-plus\"><\/span>\n\t\t\t<span class=\"icon-arrows-minus\"><\/span>\n\t\t<\/span>\n\t<\/span>\n<\/h4>\n<div class=\"eltd-accordion-content\">\n\t<div class=\"eltd-accordion-content-inner\">\n\t\t[vc_single_image image=&#8221;5094&#8243; onclick=&#8221;link_image&#8221;]<a href=\"https:\/\/paragraphinc.ca\/wp-content\/uploads\/2020\/11\/Para_Feuillet_Detail_F_LR-1.pdf\" target=\"_blank\"  class=\"eltd-btn eltd-btn-medium eltd-btn-arrow eltd-btn-hide-text eltd-btn-arrow-center\"  >\n    <span class=\"eltd-btn-text\">T\u00e9l\u00e9charger<\/span>\n    \n\t<span class=\"eltd-btn-icon-arrow\">\n\t\t<span  class=\"eltd-line-1\"><\/span>\n\t\t<span  class=\"eltd-line-2\"><\/span>\n\t\t<span  class=\"eltd-line-3\"><\/span>\n\t<\/span>\n\t<\/a>\t<\/div>\n<\/div>\n<h4 class=\"clearfix eltd-title-holder\">\n\t<span class=\"eltd-tab-title\">\n\t\t<span class=\"eltd-tab-title-inner\">\n\t\t\tCommunication agency\t\t<\/span>\n\t<\/span>\n\t<span class=\"eltd-accordion-mark\">\n\t\t<span class=\"eltd-accordion-mark-icon\">\n\t\t\t<span class=\"icon-arrows-plus\"><\/span>\n\t\t\t<span class=\"icon-arrows-minus\"><\/span>\n\t\t<\/span>\n\t<\/span>\n<\/h4>\n<div class=\"eltd-accordion-content\">\n\t<div class=\"eltd-accordion-content-inner\">\n\t\t\t<\/div>\n<\/div>\n<\/div>[vc_empty_space height=&#8221;40px&#8221;][\/vc_column][\/vc_row][vc_row content_width=&#8221;grid&#8221; equal_height=&#8221;&#8221; content_placement=&#8221;&#8221; css=&#8221;.vc_custom_1608673039846{padding-top: 90px !important;padding-bottom: 120px !important;}&#8221; el_id=&#8221;Promise&#8221;][vc_column el_id=&#8221;lol&#8221; css=&#8221;.vc_custom_1608673055365{padding-right: 15% !important;padding-left: 15% !important;}&#8221;][vc_column_text]<\/p>\n<h1 style=\"text-align: center;\">Our environmental commitment<\/h1>\n<p>[\/vc_column_text]<div class=\"eltd-separator-holder clearfix  eltd-separator-center eltd-dotted-multiple eltd-sep-white\" style=\"margin-top: 30px;margin-bottom: 0px\">\n\t<div class=\"eltd-separator\" style=\"width: 250px;height: 11px\"><\/div>\n<\/div>\n[vc_empty_space][vc_column_text css_animation=&#8221;none&#8221;]<\/p>\n<p style=\"text-align: center;\"><span style=\"font-weight: 400;\">Paragraph is committed to reducing its environmental footprint by being responsible in managing its daily operations to minimize any negative impact. Paragraph\u2019s facilities are GRACoL<sup>\u00ae<\/sup> certified and the standards used allow us to have industry best practices in waste reduction and positive environmental impact. Additionally, we hold the FSC<sup>\u00ae <\/sup>C103114 certification, recognized internationally as the benchmark for responsible forestry. We partner with suppliers who also share our vision: together we use FSC-certified products, paper and cardboard containing recycled fiber and vegetable oil-based inks.<\/span><\/p>\n<p>[\/vc_column_text][vc_row_inner css=&#8221;.vc_custom_1651767984606{padding-top: 60px !important;}&#8221;][vc_column_inner width=&#8221;1\/3&#8243; css=&#8221;.vc_custom_1603285886768{padding-bottom: 10% !important;}&#8221;]<div class=\"eltd-iwt clearfix eltd-iwt-icon-top eltd-iwt-icon-large\">\n    <div class=\"eltd-iwt-icon-holder\">\n                    <img loading=\"lazy\" decoding=\"async\" width=\"144\" height=\"144\" src=\"https:\/\/paragraphinc.ca\/wp-content\/uploads\/2020\/10\/g7.jpg\" class=\"attachment-full size-full\" alt=\"\" \/>            <\/div>\n    <div class=\"eltd-iwt-content-holder\" >\n        <div class=\"eltd-iwt-title-holder\">\n\t\t\t\t\t\t     \t       <h3 >IDEAlliance G7 Master Printer<\/h3>\n                    <\/div>\n        <div class=\"eltd-iwt-text-holder\">\n            <p >Paragraph has been awarded the G7 certification (IDEAlliance G7 Master Printer) by demonstrating throughout its production the expertise and criteria required to meet the strict requirements of the G7 methodology. This certification guarantees that our equipment is correctly calibrated, thus ensuring excellent color matching and superior quality printing results.<\/p>\n                    <\/div>\n    <\/div>\n<\/div>[\/vc_column_inner][vc_column_inner width=&#8221;1\/3&#8243; css=&#8221;.vc_custom_1603285892639{padding-bottom: 10% !important;}&#8221;]<div class=\"eltd-iwt clearfix eltd-iwt-icon-top eltd-iwt-icon-large\">\n    <div class=\"eltd-iwt-icon-holder\">\n                    <img loading=\"lazy\" decoding=\"async\" width=\"706\" height=\"350\" src=\"https:\/\/paragraphinc.ca\/wp-content\/uploads\/2022\/10\/logo-FSC-Para-AN-Noir.png\" class=\"attachment-full size-full\" alt=\"\" srcset=\"https:\/\/paragraphinc.ca\/wp-content\/uploads\/2022\/10\/logo-FSC-Para-AN-Noir.png 706w, https:\/\/paragraphinc.ca\/wp-content\/uploads\/2022\/10\/logo-FSC-Para-AN-Noir-300x149.png 300w\" sizes=\"auto, (max-width: 706px) 100vw, 706px\" \/>            <\/div>\n    <div class=\"eltd-iwt-content-holder\" >\n        <div class=\"eltd-iwt-title-holder\">\n\t\t\t\t\t\t     \t       <h3 >Responsible Forestry Management<\/h3>\n                    <\/div>\n        <div class=\"eltd-iwt-text-holder\">\n            <p >Certification means that the forest of origin of FSC wood has been independently inspected and assessed according to strict principles and criteria agreed by the Forest Stewardship Council. Well-managed forests provide a wide range of social, economic and environmental benefits for people and help protect wildlife habitats. FSC standards ensure that these benefits are achieved.<\/p>\n                    <\/div>\n    <\/div>\n<\/div>[\/vc_column_inner][vc_column_inner width=&#8221;1\/3&#8243; css=&#8221;.vc_custom_1603285898552{padding-bottom: 10% !important;}&#8221;]<div class=\"eltd-iwt clearfix eltd-iwt-icon-top eltd-iwt-icon-large\">\n    <div class=\"eltd-iwt-icon-holder\">\n                    <img loading=\"lazy\" decoding=\"async\" width=\"144\" height=\"144\" src=\"https:\/\/paragraphinc.ca\/wp-content\/uploads\/2019\/06\/green.jpg\" class=\"attachment-full size-full\" alt=\"\" srcset=\"https:\/\/paragraphinc.ca\/wp-content\/uploads\/2019\/06\/green.jpg 144w, https:\/\/paragraphinc.ca\/wp-content\/uploads\/2019\/06\/green-100x100.jpg 100w\" sizes=\"auto, (max-width: 144px) 100vw, 144px\" \/>            <\/div>\n    <div class=\"eltd-iwt-content-holder\" >\n        <div class=\"eltd-iwt-title-holder\">\n\t\t\t\t\t\t     \t       <h3 >Green Technologies<\/h3>\n                    <\/div>\n        <div class=\"eltd-iwt-text-holder\">\n            <p >GreenWorks, une initiative de Agfa, accr\u00e9dite ses clients de l\u2019industrie des communications graphiques en Am\u00e9rique du Nord qui r\u00e9ussissent \u00e0 r\u00e9duire leur empreinte \u00e9cologique au travers d\u2019une utilisation plus verte des technologies, de ses produits, de ses services et de ses processus.<\/p>\n                    <\/div>\n    <\/div>\n<\/div>[\/vc_column_inner][\/vc_row_inner][\/vc_column][\/vc_row][vc_column width=&#8221;1\/3&#8243; css=&#8221;.vc_custom_1593445095506{padding-right: 60px !important;}&#8221;][\/vc_column][vc_column width=&#8221;1\/3&#8243; css=&#8221;. vc_custom_1593446276126 {padding-top: 30px! important; padding-right: 80px! important; padding-left: 80px! important;}&#8221;][\/vc_column][vc_column width=&#8221;1\/3&#8243;][\/vc_column][vc_column width=&#8221;2\/5&#8243; css=&#8221;.vc_custom_1605632365438{padding-top: 5% !important;padding-right: 60px !important;}&#8221;][\/vc_column][vc_column width=&#8221;2\/5&#8243; css=&#8221;.vc_custom_1605632390505{padding-top: 5% !important;padding-right: 15% !important;padding-left: 5% !important;}&#8221;][\/vc_column][vc_column width=&#8221;1\/5&#8243; css=&#8221;. vc_custom_1605632424937 {padding-top: -50%! important;}&#8221;][\/vc_column]<\/p>\n<\/div>","protected":false},"excerpt":{"rendered":"<p>[vc_row content_width=&#8221;grid&#8221; css=&#8221;. vc_custom_1599668449221 {padding-top: 115px! important; background-color: #ffffff! important;}&#8221;][vc_column css=&#8221;.vc_custom_1603284920567{padding-top: 60px !important;padding-right: 15% !important;padding-left: 15% !important;}&#8221;][vc_column_text] A unique approach for unique clients [\/vc_column_text][vc_empty_space][vc_column_text] At Paragraph, we have unparalleled multidisciplinary expertise that allows us to adapt our products and services so they best fit your&#8230;<\/p>\n","protected":false},"author":5,"featured_media":0,"parent":0,"menu_order":0,"comment_status":"closed","ping_status":"closed","template":"full-width.php","meta":{"footnotes":""},"class_list":["post-6232","page","type-page","status-publish","hentry"],"yoast_head":"<!-- This site is optimized with the Yoast SEO plugin v27.3 - https:\/\/yoast.com\/product\/yoast-seo-wordpress\/ -->\n<title>The Paragraph Experience - Paragraph<\/title>\n<meta name=\"description\" content=\"Discover Paragraph Inc.\u2019s unique approach: multidisciplinary expertise, flexibility, and environmental certifications (G7, FSC) combined with print, document, and digital media solutions tailored to every industry.\" \/>\n<meta name=\"robots\" content=\"index, follow, max-snippet:-1, max-image-preview:large, max-video-preview:-1\" \/>\n<link rel=\"canonical\" href=\"https:\/\/paragraphinc.ca\/en\/paragraph-experience\/\" \/>\n<meta property=\"og:locale\" content=\"fr_CA\" \/>\n<meta property=\"og:type\" content=\"article\" \/>\n<meta property=\"og:title\" content=\"The Paragraph Experience - Paragraph\" \/>\n<meta property=\"og:description\" content=\"Discover Paragraph Inc.\u2019s unique approach: multidisciplinary expertise, flexibility, and environmental certifications (G7, FSC) combined with print, document, and digital media solutions tailored to every industry.\" \/>\n<meta property=\"og:url\" content=\"https:\/\/paragraphinc.ca\/en\/paragraph-experience\/\" \/>\n<meta property=\"og:site_name\" content=\"Paragraph\" \/>\n<meta property=\"article:modified_time\" content=\"2025-08-12T13:17:43+00:00\" \/>\n<meta name=\"twitter:card\" content=\"summary_large_image\" \/>\n<meta name=\"twitter:label1\" content=\"Est. reading time\" \/>\n\t<meta name=\"twitter:data1\" content=\"3 minutes\" \/>\n<script type=\"application\/ld+json\" class=\"yoast-schema-graph\">{\"@context\":\"https:\\\/\\\/schema.org\",\"@graph\":[{\"@type\":\"WebPage\",\"@id\":\"https:\\\/\\\/paragraphinc.ca\\\/en\\\/paragraph-experience\\\/\",\"url\":\"https:\\\/\\\/paragraphinc.ca\\\/en\\\/paragraph-experience\\\/\",\"name\":\"The Paragraph Experience - Paragraph\",\"isPartOf\":{\"@id\":\"https:\\\/\\\/paragraphinc.ca\\\/en\\\/#website\"},\"datePublished\":\"2019-05-07T14:46:10+00:00\",\"dateModified\":\"2025-08-12T13:17:43+00:00\",\"description\":\"Discover Paragraph Inc.\u2019s unique approach: multidisciplinary expertise, flexibility, and environmental certifications (G7, FSC) combined with print, document, and digital media solutions tailored to every industry.\",\"breadcrumb\":{\"@id\":\"https:\\\/\\\/paragraphinc.ca\\\/en\\\/paragraph-experience\\\/#breadcrumb\"},\"inLanguage\":\"en-US\",\"potentialAction\":[{\"@type\":\"ReadAction\",\"target\":[\"https:\\\/\\\/paragraphinc.ca\\\/en\\\/paragraph-experience\\\/\"]}]},{\"@type\":\"BreadcrumbList\",\"@id\":\"https:\\\/\\\/paragraphinc.ca\\\/en\\\/paragraph-experience\\\/#breadcrumb\",\"itemListElement\":[{\"@type\":\"ListItem\",\"position\":1,\"name\":\"Home\",\"item\":\"https:\\\/\\\/paragraphinc.ca\\\/en\\\/\"},{\"@type\":\"ListItem\",\"position\":2,\"name\":\"The Paragraph Experience\"}]},{\"@type\":\"WebSite\",\"@id\":\"https:\\\/\\\/paragraphinc.ca\\\/en\\\/#website\",\"url\":\"https:\\\/\\\/paragraphinc.ca\\\/en\\\/\",\"name\":\"Paragraph\",\"description\":\"Possibilit\u00e9s infinies\",\"publisher\":{\"@id\":\"https:\\\/\\\/paragraphinc.ca\\\/en\\\/#organization\"},\"potentialAction\":[{\"@type\":\"SearchAction\",\"target\":{\"@type\":\"EntryPoint\",\"urlTemplate\":\"https:\\\/\\\/paragraphinc.ca\\\/en\\\/?s={search_term_string}\"},\"query-input\":{\"@type\":\"PropertyValueSpecification\",\"valueRequired\":true,\"valueName\":\"search_term_string\"}}],\"inLanguage\":\"en-US\"},{\"@type\":\"Organization\",\"@id\":\"https:\\\/\\\/paragraphinc.ca\\\/en\\\/#organization\",\"name\":\"Paragraph Inc.\",\"url\":\"https:\\\/\\\/paragraphinc.ca\\\/en\\\/\",\"logo\":{\"@type\":\"ImageObject\",\"inLanguage\":\"en-US\",\"@id\":\"https:\\\/\\\/paragraphinc.ca\\\/en\\\/#\\\/schema\\\/logo\\\/image\\\/\",\"url\":\"https:\\\/\\\/paragraphinc.ca\\\/wp-content\\\/uploads\\\/2019\\\/05\\\/paragraph-logo-6.png\",\"contentUrl\":\"https:\\\/\\\/paragraphinc.ca\\\/wp-content\\\/uploads\\\/2019\\\/05\\\/paragraph-logo-6.png\",\"width\":416,\"height\":170,\"caption\":\"Paragraph Inc.\"},\"image\":{\"@id\":\"https:\\\/\\\/paragraphinc.ca\\\/en\\\/#\\\/schema\\\/logo\\\/image\\\/\"}}]}<\/script>\n<!-- \/ Yoast SEO plugin. -->","yoast_head_json":{"title":"The Paragraph Experience - Paragraph","description":"Discover Paragraph Inc.\u2019s unique approach: multidisciplinary expertise, flexibility, and environmental certifications (G7, FSC) combined with print, document, and digital media solutions tailored to every industry.","robots":{"index":"index","follow":"follow","max-snippet":"max-snippet:-1","max-image-preview":"max-image-preview:large","max-video-preview":"max-video-preview:-1"},"canonical":"https:\/\/paragraphinc.ca\/en\/paragraph-experience\/","og_locale":"fr_CA","og_type":"article","og_title":"The Paragraph Experience - Paragraph","og_description":"Discover Paragraph Inc.\u2019s unique approach: multidisciplinary expertise, flexibility, and environmental certifications (G7, FSC) combined with print, document, and digital media solutions tailored to every industry.","og_url":"https:\/\/paragraphinc.ca\/en\/paragraph-experience\/","og_site_name":"Paragraph","article_modified_time":"2025-08-12T13:17:43+00:00","twitter_card":"summary_large_image","twitter_misc":{"Est. reading time":"3 minutes"},"schema":{"@context":"https:\/\/schema.org","@graph":[{"@type":"WebPage","@id":"https:\/\/paragraphinc.ca\/en\/paragraph-experience\/","url":"https:\/\/paragraphinc.ca\/en\/paragraph-experience\/","name":"The Paragraph Experience - Paragraph","isPartOf":{"@id":"https:\/\/paragraphinc.ca\/en\/#website"},"datePublished":"2019-05-07T14:46:10+00:00","dateModified":"2025-08-12T13:17:43+00:00","description":"Discover Paragraph Inc.\u2019s unique approach: multidisciplinary expertise, flexibility, and environmental certifications (G7, FSC) combined with print, document, and digital media solutions tailored to every industry.","breadcrumb":{"@id":"https:\/\/paragraphinc.ca\/en\/paragraph-experience\/#breadcrumb"},"inLanguage":"en-US","potentialAction":[{"@type":"ReadAction","target":["https:\/\/paragraphinc.ca\/en\/paragraph-experience\/"]}]},{"@type":"BreadcrumbList","@id":"https:\/\/paragraphinc.ca\/en\/paragraph-experience\/#breadcrumb","itemListElement":[{"@type":"ListItem","position":1,"name":"Home","item":"https:\/\/paragraphinc.ca\/en\/"},{"@type":"ListItem","position":2,"name":"The Paragraph Experience"}]},{"@type":"WebSite","@id":"https:\/\/paragraphinc.ca\/en\/#website","url":"https:\/\/paragraphinc.ca\/en\/","name":"Paragraph","description":"Possibilit\u00e9s infinies","publisher":{"@id":"https:\/\/paragraphinc.ca\/en\/#organization"},"potentialAction":[{"@type":"SearchAction","target":{"@type":"EntryPoint","urlTemplate":"https:\/\/paragraphinc.ca\/en\/?s={search_term_string}"},"query-input":{"@type":"PropertyValueSpecification","valueRequired":true,"valueName":"search_term_string"}}],"inLanguage":"en-US"},{"@type":"Organization","@id":"https:\/\/paragraphinc.ca\/en\/#organization","name":"Paragraph Inc.","url":"https:\/\/paragraphinc.ca\/en\/","logo":{"@type":"ImageObject","inLanguage":"en-US","@id":"https:\/\/paragraphinc.ca\/en\/#\/schema\/logo\/image\/","url":"https:\/\/paragraphinc.ca\/wp-content\/uploads\/2019\/05\/paragraph-logo-6.png","contentUrl":"https:\/\/paragraphinc.ca\/wp-content\/uploads\/2019\/05\/paragraph-logo-6.png","width":416,"height":170,"caption":"Paragraph Inc."},"image":{"@id":"https:\/\/paragraphinc.ca\/en\/#\/schema\/logo\/image\/"}}]}},"_links":{"self":[{"href":"https:\/\/paragraphinc.ca\/en\/wp-json\/wp\/v2\/pages\/6232","targetHints":{"allow":["GET"]}}],"collection":[{"href":"https:\/\/paragraphinc.ca\/en\/wp-json\/wp\/v2\/pages"}],"about":[{"href":"https:\/\/paragraphinc.ca\/en\/wp-json\/wp\/v2\/types\/page"}],"author":[{"embeddable":true,"href":"https:\/\/paragraphinc.ca\/en\/wp-json\/wp\/v2\/users\/5"}],"replies":[{"embeddable":true,"href":"https:\/\/paragraphinc.ca\/en\/wp-json\/wp\/v2\/comments?post=6232"}],"version-history":[{"count":0,"href":"https:\/\/paragraphinc.ca\/en\/wp-json\/wp\/v2\/pages\/6232\/revisions"}],"wp:attachment":[{"href":"https:\/\/paragraphinc.ca\/en\/wp-json\/wp\/v2\/media?parent=6232"}],"curies":[{"name":"wp","href":"https:\/\/api.w.org\/{rel}","templated":true}]}}